{"id":6225,"date":"2018-06-18T14:48:36","date_gmt":"2018-06-18T12:48:36","guid":{"rendered":"https:\/\/kenjisushibar.com\/kenji-takahashi-2\/"},"modified":"2024-01-17T11:17:24","modified_gmt":"2024-01-17T10:17:24","slug":"kenji-takahashi-2","status":"publish","type":"page","link":"https:\/\/kenjisushibar.com\/fr\/kenji-takahashi-2\/","title":{"rendered":"Kenji Takahashi"},"content":{"rendered":"<section class=\"wpb-content-wrapper\"><p>[vc_row content_placement=\u00a0\u00bbmiddle\u00a0\u00bb row_content_width=\u00a0\u00bbgrid\u00a0\u00bb content_text_aligment=\u00a0\u00bbcenter\u00a0\u00bb parallax_background_image=\u00a0\u00bb6079&Prime; css=\u00a0\u00bb.vc_custom_1699891926695{padding-top: 10.4% !important;padding-bottom: 10.4% !important;}\u00a0\u00bb][vc_column offset=\u00a0\u00bbvc_col-lg-offset-0 vc_col-lg-12&Prime;]<div class=\"eltdf-info-box-holder  eltdf-appear-animation\">\n    <div class=\"eltdf-ib-image\">\n            <\/div>\n    <div class=\"eltdf-ib-text-holder\">\n                            <h1 class=\"eltdf-ib-title\" >Kenji Takahashi<\/h1>\n            <\/div>\n    <div class=\"eltdf-ib-signature-image\">\n            <\/div>\n    <\/div>[\/vc_column][\/vc_row][vc_row row_content_width=\u00a0\u00bbgrid\u00a0\u00bb css=\u00a0\u00bb.vc_custom_1698765239212{padding-top: 130px !important;padding-bottom: 100px !important;}\u00a0\u00bb][vc_column]<div class=\"eltdf-elements-holder   eltdf-two-columns  eltdf-responsive-mode-1024 eltdf-one-column-alignment-left\" ><div class=\"eltdf-eh-item    \"  data-item-class=\"eltdf-eh-custom-3822\" data-1367-1600=\"0px 0px 0px 0px\" data-1025-1366=\"0px 0px 0px 0px\" data-769-1024=\"0px 0px 0px 0px\" data-681-768=\"0px 0px 0px 0px\" data-680=\"0px 0px 0px 0px\">\n\t<div class=\"eltdf-eh-item-inner\">\n\t\t<div class=\"eltdf-eh-item-content eltdf-eh-custom-3822\" style=\"padding: 0px 0px 0px 60px\">\n\t\t\t[vc_single_image image=\u00a0\u00bb6073&Prime; img_size=\u00a0\u00bbfull\u00a0\u00bb]\t\t<\/div>\n\t<\/div>\n<\/div><div class=\"eltdf-eh-item    \"  data-item-class=\"eltdf-eh-custom-1220\" data-1367-1600=\"0px 8px 11px 55px\" data-1025-1366=\"0px 0px 13px 55px\" data-769-1024=\"61px 60px 0px 0px\" data-681-768=\"61px 48px 0px 0px\" data-680=\"61px 0px 0px 0px\">\n\t<div class=\"eltdf-eh-item-inner\">\n\t\t<div class=\"eltdf-eh-item-content eltdf-eh-custom-1220\" style=\"padding: 0px 10px 13px 55px\">\n\t\t\t<div class=\"eltdf-section-title-holder   eltdf-position-left\" style=\"text-align: left\">\n\t\t<div class=\"eltdf-st-inner\">\n\t\t\t\t\t\t\t<h2 class=\"eltdf-st-title\" >\n\t\t\t\tLe ma\u00eetre\t\t\t<\/h2>\n\t\t\t\t\t\t\t\t\t<\/div>\n<\/div>[vc_empty_space height=\u00a0\u00bb13px\u00a0\u00bb][vc_column_text]Kenji Takahashi est arriv\u00e9 \u00e0 Saint-S\u00e9bastien dans le but de se plonger dans les myst\u00e8res de la cuisine basque puis de retourner dans son pays natal. Cependant, il choisit de s&rsquo;installer d\u00e9finitivement dans cette ville, o\u00f9 il trouve des similitudes dans le caract\u00e8re des habitants avec celui de son Japon natal.<\/p>\n<p>Tout au long de ces ann\u00e9es, Kenji a d\u00e9montr\u00e9 sa capacit\u00e9 \u00e0 adapter sa cuisine aux palais raffin\u00e9s de Saint-S\u00e9bastien. Leur secret est de valoriser les produits locaux qui, bien qu&rsquo;excellents, diff\u00e8rent par leur vari\u00e9t\u00e9 de ceux que l&rsquo;on trouve au Japon.[\/vc_column_text][vc_single_image image=\u00a0\u00bb5002&Prime; img_size=\u00a0\u00bbfull\u00a0\u00bb css=\u00a0\u00bb.vc_custom_1698746026691{padding-top: 0.5% !important;}\u00a0\u00bb]\t\t<\/div>\n\t<\/div>\n<\/div><\/div>[\/vc_column][\/vc_row][vc_row row_content_width=\u00a0\u00bbgrid\u00a0\u00bb css=\u00a0\u00bb.vc_custom_1529657371090{padding-top: 150px !important;padding-bottom: 87px !important;}\u00a0\u00bb][vc_column offset=\u00a0\u00bbvc_col-lg-offset-0 vc_col-lg-12 vc_col-md-offset-0 vc_col-md-12 vc_col-sm-offset-0&Prime;]<div class=\"eltdf-dual-image-showcase-holder  eltdf-dual-image-showcase-right eltdf-text-align-right eltdf-parallax-items\" >\n            <div class=\"eltdf-dis-text-holder\">\n                            <h3 class=\"eltdf-dis-subtitle\" >Connaissez-nous !<\/h3>\n                                        <h2 class=\"eltdf-dis-title\" style=\"margin-bottom: 30px\">Sushi \u00e0 Saint-S\u00e9bastien<\/h2>\n                \t\t                <p class=\"eltdf-dis-text\" >O\u00f9 la tradition japonaise rencontre les saveurs vibrantes que nous apportent les produits locaux. Plongez dans une exp\u00e9rience culinaire unique qui fusionne l&#039;\u00e9l\u00e9gance du sushi avec la passion de la cuisine locale.<\/p>\n                         <a itemprop=\"url\" href=\"https:\/\/kenjisushibar.com\/fr\/vieille-ville-de-donostia\/\" target=\"_self\"  class=\"eltdf-btn eltdf-btn-small eltdf-btn-outline eltdf-dual-image-showcase-button eltdf-has-hover-animation\"  >    <span class=\"eltdf-btn-text\">Je veux conna\u00eetre le restaurant<\/span>    <\/a>        <\/div>\n        <div class=\"eltdf-dis-inner-holder\">\n\t        \t\t        <div class=\"eltdf-background-image-holder\" data-y-axis-translation=\"-35\">\n\t\t\t        <img loading=\"lazy\" decoding=\"async\" width=\"333\" height=\"500\" src=\"https:\/\/kenjisushibar.com\/wp-content\/uploads\/2023\/11\/kenji-1.jpg\" class=\"attachment-full size-full\" alt=\"\" srcset=\"https:\/\/kenjisushibar.com\/wp-content\/uploads\/2023\/11\/kenji-1.jpg 333w, https:\/\/kenjisushibar.com\/wp-content\/uploads\/2023\/11\/kenji-1-200x300.jpg 200w\" sizes=\"auto, (max-width: 333px) 100vw, 333px\" \/>\t\t        <\/div>\n\t        \t        \t\t        <div class=\"eltdf-foreground-image-holder\" data-y-axis-translation=\"35\">\n\t\t\t        <img loading=\"lazy\" decoding=\"async\" width=\"467\" height=\"388\" src=\"https:\/\/kenjisushibar.com\/wp-content\/uploads\/2023\/11\/kenji-2.jpg\" class=\"attachment-full size-full\" alt=\"\" srcset=\"https:\/\/kenjisushibar.com\/wp-content\/uploads\/2023\/11\/kenji-2.jpg 467w, https:\/\/kenjisushibar.com\/wp-content\/uploads\/2023\/11\/kenji-2-300x249.jpg 300w\" sizes=\"auto, (max-width: 467px) 100vw, 467px\" \/>\t\t        <\/div>\n\t                <\/div>\n    <\/div>[\/vc_column][\/vc_row][vc_row row_content_width=\u00a0\u00bbgrid\u00a0\u00bb][vc_column offset=\u00a0\u00bbvc_col-lg-offset-0 vc_col-lg-12 vc_col-md-offset-0 vc_col-md-12 vc_col-sm-offset-0&Prime;]<div class=\"eltdf-dual-image-showcase-holder  eltdf-dual-image-showcase-left eltdf-text-align-left eltdf-parallax-items\" >\n            <div class=\"eltdf-dis-inner-holder\">\n\t        \t\t        <div class=\"eltdf-background-image-holder\" data-y-axis-translation=\"35\">\n\t\t\t        <img loading=\"lazy\" decoding=\"async\" width=\"463\" height=\"568\" src=\"https:\/\/kenjisushibar.com\/wp-content\/uploads\/2023\/11\/kenji-4.png\" class=\"attachment-full size-full\" alt=\"\" srcset=\"https:\/\/kenjisushibar.com\/wp-content\/uploads\/2023\/11\/kenji-4.png 463w, https:\/\/kenjisushibar.com\/wp-content\/uploads\/2023\/11\/kenji-4-245x300.png 245w\" sizes=\"auto, (max-width: 463px) 100vw, 463px\" \/>\t\t        <\/div>\n\t        \t        \t\t        <div class=\"eltdf-foreground-image-holder\" data-y-axis-translation=\"-35\">\n\t\t\t        <img loading=\"lazy\" decoding=\"async\" width=\"435\" height=\"306\" src=\"https:\/\/kenjisushibar.com\/wp-content\/uploads\/2023\/11\/kenji-3.jpg\" class=\"attachment-full size-full\" alt=\"\" srcset=\"https:\/\/kenjisushibar.com\/wp-content\/uploads\/2023\/11\/kenji-3.jpg 435w, https:\/\/kenjisushibar.com\/wp-content\/uploads\/2023\/11\/kenji-3-300x211.jpg 300w\" sizes=\"auto, (max-width: 435px) 100vw, 435px\" \/>\t\t        <\/div>\n\t                <\/div>\n        <div class=\"eltdf-dis-text-holder\">\n                            <h3 class=\"eltdf-dis-subtitle\" >Rendez nous visite!<\/h3>\n                                        <h2 class=\"eltdf-dis-title\" style=\"margin-bottom: 30px\">D\u00e9couvrez nos options \u00e0 emporter<\/h2>\n                                        <p class=\"eltdf-dis-text\" >Notre \u00e9quipe de chefs experts allie la minutie de la cuisine japonaise avec des ingr\u00e9dients frais et indig\u00e8nes de la r\u00e9gion. Ainsi, chaque plat raconte l\u2019histoire de deux cultures culinaires qui convergent dans un m\u00eame plat.<\/p>\n                         <a itemprop=\"url\" href=\"https:\/\/kenjisushibar.com\/fr\/marche-de-saint-martin\/\" target=\"_self\"  class=\"eltdf-btn eltdf-btn-small eltdf-btn-outline eltdf-dual-image-showcase-button eltdf-has-hover-animation\"  >    <span class=\"eltdf-btn-text\">En savoir plus sur le march\u00e9<\/span>    <\/a>        <\/div>\n    <\/div>[\/vc_column][\/vc_row][vc_row content_placement=\u00a0\u00bbmiddle\u00a0\u00bb content_text_aligment=\u00a0\u00bbcenter\u00a0\u00bb css=\u00a0\u00bb.vc_custom_1698765155327{padding-top: 100px !important;}\u00a0\u00bb][vc_column]<div class=\"eltdf-section-title-holder   eltdf-position-center\" style=\"text-align: center\">\n\t\t<div class=\"eltdf-st-inner\">\n\t\t\t\t\t<h3 class=\"eltdf-st-subtitle\" style=\"font-size: 12px;font-weight: 100\">\n\t\t\t\tKENJI SUSHI BAR\t\t\t<\/h3>\n\t\t\t\t\t\t\t<h2 class=\"eltdf-st-title\" >\n\t\t\t\tRESTAURANT SITU\u00c9 \u00c0 DONOSTIA-SAN SEBASTI\u00c1N\t\t\t<\/h2>\n\t\t\t\t\t\t\t\t\t<\/div>\n<\/div>[\/vc_column][\/vc_row][vc_row row_content_width=\u00a0\u00bbgrid\u00a0\u00bb][vc_column]<div class=\"eltdf-elements-holder   eltdf-one-column  eltdf-responsive-mode-768 \" ><div class=\"eltdf-eh-item    \"  data-item-class=\"eltdf-eh-custom-9097\" data-769-1024=\"22px 0 22px 0\" data-681-768=\"15px 0 15px 0\" data-680=\"0px 0 10px 0\">\n\t<div class=\"eltdf-eh-item-inner\">\n\t\t<div class=\"eltdf-eh-item-content eltdf-eh-custom-9097\" style=\"padding: 55px 0 55px 0\">\n\t\t\t<div class=\"eltdf-circle-carousel\" data-height=\"500\" data-autoplay=\"3000\" data-speed=\"800\" data-separation=\"80\"  data-edgefadeenabled=\"yes\"  data-navigation=\"yes\">\n\t<div class=\"eltdf-circle-carousel-slider\">\n\t\t\t\t\t<img loading=\"lazy\" decoding=\"async\" src=\"https:\/\/kenjisushibar.com\/wp-content\/uploads\/2023\/11\/kenji-galeria-1.jpg\" alt=\"kenji-galeria-1\" width=\"900\" height=\"600\">\n\t\t\t\t\t<img loading=\"lazy\" decoding=\"async\" src=\"https:\/\/kenjisushibar.com\/wp-content\/uploads\/2023\/11\/kenji-galeria-2.jpg\" alt=\"kenji-galeria-2\" width=\"900\" height=\"600\">\n\t\t\t\t\t<img loading=\"lazy\" decoding=\"async\" src=\"https:\/\/kenjisushibar.com\/wp-content\/uploads\/2023\/11\/kenji-galeria-3.jpg\" alt=\"kenji-galeria-3\" width=\"900\" height=\"600\">\n\t\t\t<\/div>\n\n\t<div class=\"eltdf-circle-carousel-navigation clearfix\">\n\t\t<div class=\"eltdf-prev-icon-holder\">\n\t\t\t<i class=\"eltdf-icon-ion-icon ion-ios-arrow-left \" ><\/i>\t\t\t<div class=\"eltdf-nav-text-holder eltdf-prev\">\n\t\t\t\t<span class=\"eltdf-prev-text\">Prev<\/span>\n\t\t\t<\/div>\n\t\t<\/div>\n        <div class=\"eltdf-next-icon-holder\">\n\t\t\t<i class=\"eltdf-icon-ion-icon ion-ios-arrow-right \" ><\/i>\t        <div class=\"eltdf-nav-text-holder eltdf-next\">\n\t            <span class=\"eltdf-next-text\">Next<\/span>\n\t        <\/div>\n\t\t<\/div>\n\t<\/div>\n<\/div>\t\t<\/div>\n\t<\/div>\n<\/div><\/div>[\/vc_column][\/vc_row]<\/p>\n<\/section>","protected":false},"excerpt":{"rendered":"<p>[vc_row content_placement=\u00a0\u00bbmiddle\u00a0\u00bb row_content_width=\u00a0\u00bbgrid\u00a0\u00bb content_text_aligment=\u00a0\u00bbcenter\u00a0\u00bb parallax_background_image=\u00a0\u00bb6079&Prime; css=\u00a0\u00bb.vc_custom_1699891926695{padding-top: 10.4% !important;padding-bottom: 10.4% !important;}\u00a0\u00bb][vc_column offset=\u00a0\u00bbvc_col-lg-offset-0 vc_col-lg-12&Prime;][\/vc_column][\/vc_row][vc_row row_content_width=\u00a0\u00bbgrid\u00a0\u00bb css=\u00a0\u00bb.vc_custom_1698765239212{padding-top: 130px !important;padding-bottom: 100px !important;}\u00a0\u00bb][vc_column][\/vc_column][\/vc_row][vc_row row_content_width=\u00a0\u00bbgrid\u00a0\u00bb css=\u00a0\u00bb.vc_custom_1529657371090{padding-top: 150px !important;padding-bottom: 87px !important;}\u00a0\u00bb][vc_column offset=\u00a0\u00bbvc_col-lg-offset-0 vc_col-lg-12 vc_col-md-offset-0 vc_col-md-12 vc_col-sm-offset-0&Prime;][\/vc_column][\/vc_row][vc_row row_content_width=\u00a0\u00bbgrid\u00a0\u00bb][vc_column offset=\u00a0\u00bbvc_col-lg-offset-0 vc_col-lg-12 vc_col-md-offset-0 vc_col-md-12 vc_col-sm-offset-0&Prime;][\/vc_column][\/vc_row][vc_row content_placement=\u00a0\u00bbmiddle\u00a0\u00bb content_text_aligment=\u00a0\u00bbcenter\u00a0\u00bb css=\u00a0\u00bb.vc_custom_1698765155327{padding-top: [&hellip;]<\/p>\n","protected":false},"author":1,"featured_media":6076,"parent":0,"menu_order":0,"comment_status":"closed","ping_status":"closed","template":"full-width.php","meta":{"footnotes":""},"class_list":["post-6225","page","type-page","status-publish","has-post-thumbnail","hentry"],"_links":{"self":[{"href":"https:\/\/kenjisushibar.com\/fr\/wp-json\/wp\/v2\/pages\/6225","targetHints":{"allow":["GET"]}}],"collection":[{"href":"https:\/\/kenjisushibar.com\/fr\/wp-json\/wp\/v2\/pages"}],"about":[{"href":"https:\/\/kenjisushibar.com\/fr\/wp-json\/wp\/v2\/types\/page"}],"author":[{"embeddable":true,"href":"https:\/\/kenjisushibar.com\/fr\/wp-json\/wp\/v2\/users\/1"}],"replies":[{"embeddable":true,"href":"https:\/\/kenjisushibar.com\/fr\/wp-json\/wp\/v2\/comments?post=6225"}],"version-history":[{"count":7,"href":"https:\/\/kenjisushibar.com\/fr\/wp-json\/wp\/v2\/pages\/6225\/revisions"}],"predecessor-version":[{"id":6365,"href":"https:\/\/kenjisushibar.com\/fr\/wp-json\/wp\/v2\/pages\/6225\/revisions\/6365"}],"wp:featuredmedia":[{"embeddable":true,"href":"https:\/\/kenjisushibar.com\/fr\/wp-json\/wp\/v2\/media\/6076"}],"wp:attachment":[{"href":"https:\/\/kenjisushibar.com\/fr\/wp-json\/wp\/v2\/media?parent=6225"}],"curies":[{"name":"wp","href":"https:\/\/api.w.org\/{rel}","templated":true}]}}